{"id":381,"date":"2023-06-19T15:22:09","date_gmt":"2023-06-19T13:22:09","guid":{"rendered":"https:\/\/annemassedorure.com\/?page_id=381"},"modified":"2025-04-03T10:52:51","modified_gmt":"2025-04-03T08:52:51","slug":"ii-le-metier","status":"publish","type":"page","link":"https:\/\/annemassedorure.com\/index.php\/ii-le-metier\/","title":{"rendered":"Le m\u00e9tier"},"content":{"rendered":"\n<h2 class=\"wp-block-heading\">Le m\u00e9tier<\/h2>\n\n\n\n<div class=\"wp-block-media-text alignwide has-media-on-the-right is-stacked-on-mobile has-background\" style=\"background-color:#d8e4f6\"><div class=\"wp-block-media-text__content\">\n<p class=\"has-text-align-center\">Le m\u00e9tier de&nbsp;<strong>doreur \u00e0 la feuille ornemaniste<\/strong>&nbsp;est un m\u00e9tier tr\u00e8s vari\u00e9, demandant une certaine habilit\u00e9 technique et gestuelle.<\/p>\n\n\n\n<p class=\"has-text-align-center\">En effet, la&nbsp;<strong>dorure \u00e0 la feuille ornemaniste<\/strong>&nbsp;ne consiste pas en la seule application d\u2019une fine feuille de m\u00e9tal sur une surface. Bien au contraire, elle consiste en une multitude de savoir-faire tr\u00e8s diff\u00e9rents les uns des autres. Nous vous les pr\u00e9senterons de fa\u00e7on sommaire afin de vous familiariser davantage avec ce m\u00e9tier encore peu connu.<\/p>\n<\/div><figure class=\"wp-block-media-text__media\"><img fetchpriority=\"high\" decoding=\"async\" width=\"1024\" height=\"768\" src=\"https:\/\/annemassedorure.com\/wp-content\/uploads\/2023\/06\/Anne-Masse-Dorure-apprentissage-pose-feuille-or.jpg\" alt=\"\" class=\"wp-image-734 size-full\" srcset=\"https:\/\/annemassedorure.com\/wp-content\/uploads\/2023\/06\/Anne-Masse-Dorure-apprentissage-pose-feuille-or.jpg 1024w, https:\/\/annemassedorure.com\/wp-content\/uploads\/2023\/06\/Anne-Masse-Dorure-apprentissage-pose-feuille-or-600x450.jpg 600w, https:\/\/annemassedorure.com\/wp-content\/uploads\/2023\/06\/Anne-Masse-Dorure-apprentissage-pose-feuille-or-300x225.jpg 300w, https:\/\/annemassedorure.com\/wp-content\/uploads\/2023\/06\/Anne-Masse-Dorure-apprentissage-pose-feuille-or-768x576.jpg 768w, https:\/\/annemassedorure.com\/wp-content\/uploads\/2023\/06\/Anne-Masse-Dorure-apprentissage-pose-feuille-or-500x375.jpg 500w, https:\/\/annemassedorure.com\/wp-content\/uploads\/2023\/06\/Anne-Masse-Dorure-apprentissage-pose-feuille-or-800x600.jpg 800w\" sizes=\"(max-width: 1024px) 100vw, 1024px\" \/><\/figure><\/div>\n\n\n\n<p><\/p>\n\n\n\n<h3 class=\"wp-block-heading\">Autrefois, des corporations oeuvrant pour le m\u00eame m\u00e9tier&#8230;<\/h3>\n\n\n\n<p>Autrefois, ceux-ci \u00e9taient distingu\u00e9s en corps de m\u00e9tier \u00e0 part enti\u00e8re dont notamment :<\/p>\n\n\n\n<ul class=\"wp-block-list\">\n<li>les <strong>appr\u00eateurs<\/strong> : charg\u00e9s de r\u00e9aliser les diff\u00e9rentes couches d\u2019<strong>appr\u00eats<\/strong>, couches dites tampons entre la surface de l\u2019objet \u00e0 dorer et la feuille de m\u00e9tal<\/li>\n<\/ul>\n\n\n\n<ul class=\"wp-block-list\">\n<li>les <strong>ornemanistes <\/strong>: charg\u00e9s de r\u00e9aliser des&nbsp;<strong>moulages<\/strong>, afin de cr\u00e9er les&nbsp;<strong>ornements<\/strong><\/li>\n<\/ul>\n\n\n\n<ul class=\"wp-block-list\">\n<li>les&nbsp;<strong>repareurs<\/strong>&nbsp;: charg\u00e9s de la&nbsp;<strong>reparure&nbsp;<\/strong>, c\u2019est \u00e0 dire redonner de la parure \u00e0 l\u2019objet en gravant le relief \u00e0 l\u2019aide de&nbsp;<strong>fers dits \u00e0 reparer<\/strong>, comme les d\u00e9tails des p\u00e9tales d\u2019une fleur, les courbes et contrecourbes qui viennent mettre en valeur les acanthes, rinceaux, \u2026<\/li>\n<\/ul>\n\n\n\n<ul class=\"wp-block-list\">\n<li>les&nbsp;<strong>doreurs<\/strong> : soit ceux qui posent la <strong>feuille d\u2019or, d\u2019argent, de cuivre<\/strong>, \u2026 sur la surface \u00e0 dorer<\/li>\n<\/ul>\n\n\n\n<p>Aujourd\u2019hui, le <strong>doreur \u00e0 la feuille ornemaniste<\/strong>, tel que son nom l\u2019indique, est donc capable de r\u00e9aliser chacun de ces <strong>savoirs-faire<\/strong>, en accordant un soin tout particulier \u00e0 la pr\u00e9paration du support avant dorure afin de garantir <strong>beaut\u00e9 et p\u00e9rennit\u00e9<\/strong> \u00e0 l\u2019oeuvre dor\u00e9e.<\/p>\n\n\n\n<p>En effet, la dorure elle-m\u00eame ne repr\u00e9sente qu\u2019une toute petite partie du m\u00e9tier; elle est la \u00ab&nbsp;cerise sur le g\u00e2teau&nbsp;\u00bb.<\/p>\n\n\n\n<div style=\"height:50px\" aria-hidden=\"true\" class=\"wp-block-spacer\"><\/div>\n\n\n\n<h3 class=\"wp-block-heading\">Aujourd&rsquo;hui, un seul et m\u00eame m\u00e9tier&#8230;<\/h3>\n\n\n\n<p>Aujourd&rsquo;hui, le <strong>doreur \u00e0 la feuille ornemaniste<\/strong> est capable de poser des feuilles m\u00e9talliques, qu&rsquo;elles soient en or, argent, cuivre, palladium, ou platine, de toutes sortes de couleurs (<strong>or jaune, or blanc, or vert, or rose, cuivre jaune, cuivre rouge, &#8230;<\/strong>) sur un grand nombre de <strong>mat\u00e9riaux divers<\/strong>.<\/p>\n\n\n\n<p>Autrefois, le doreur avait pour habitude de poser principalement de l&rsquo;or, de l&rsquo;argent ou du cuivre sur du mobilier, des objets d&rsquo;art, des moulures dont l&rsquo;\u00e2me \u00e9tait la plupart du temps en bois. Ainsi, la formation premi\u00e8re au <strong>m\u00e9tier de doreur \u00e0 la feuille ornemaniste<\/strong> rel\u00e8ve de la <strong>dorure sur bois<\/strong>.<\/p>\n\n\n\n<p>N\u00e9anmoins, la feuille d&rsquo;or n&rsquo;est pas appliqu\u00e9e directement sur le bois lui-m\u00eame; c&rsquo;est ce que nous allons voir ci-dessous. Et c&rsquo;est d&rsquo;ailleurs une des raisons pour laquelle le doreur d&rsquo;aujourd&rsquo;hui adopte d\u00e9sormais les gestes et savoirs-faire des appr\u00eateurs, ornemanistes, repareurs d&rsquo;autrefois, en plus de venir dorer, c&rsquo;est \u00e0 dire poser les feuilles m\u00e9talliques sur le support enfin pr\u00e9par\u00e9. <\/p>\n\n\n\n<div style=\"height:50px\" aria-hidden=\"true\" class=\"wp-block-spacer\"><\/div>\n\n\n\n<h4 class=\"wp-block-heading\">Lorsque le doreur se fait appr\u00eateur<\/h4>\n\n\n\n<p>L&rsquo;<strong>or<\/strong> est <strong>battu en feuilles<\/strong> si fines, \u00e9paisses de <strong>quelques dixi\u00e8mes de millim\u00e8tre<\/strong> seulement, qu&rsquo;elles \u00e9pousent les moindres asp\u00e9rit\u00e9s de la surface sur laquelle elles reposent. D\u00e8s lors, si la feuille d&rsquo;or \u00e9tait pos\u00e9e sur le bois, elle soulignerait les pores et les fissures de celui-ci. <\/p>\n\n\n\n<p>De plus, le <strong>bois<\/strong> \u00e9tant un <strong>mat\u00e9riau vivant<\/strong>, sa surface bouge en r\u00e9action aux <strong>variations thermiques et hygrothermiques<\/strong>. Les <strong>appr\u00eats<\/strong> ont \u00e9t\u00e9 invent\u00e9s pour \u00e9viter cela et pour permettre \u00e0 la feuille d&rsquo;or d&rsquo;\u00e9pouser une surface lisse par endroits ou au contraire presque \u00ab\u00a0cisel\u00e9e\u00a0\u00bb \u00e0 d&rsquo;autres. C&rsquo;est le cas lorsque la pi\u00e8ce \u00e0 dorer est orn\u00e9e de <strong>moulures<\/strong> qui ont \u00e9t\u00e9 <strong>repar\u00e9es<\/strong> avant dorure. Nous vous d\u00e9taillerons cette \u00e9tape un peu plus bas.<\/p>\n\n\n\n<p>Les <strong>appr\u00eats<\/strong> sont donc des <strong>couches dites \u00ab\u00a0tampons\u00a0\u00bb <\/strong>entre le bois et la feuille m\u00e9tallique qui permettent de stabiliser les variations dimensionnelles du support et qui modifient la surface poreuse et\/ou fissur\u00e9e du bois en une surface lisse, grav\u00e9e de mani\u00e8re plus raffin\u00e9e&#8230;.<\/p>\n\n\n\n<p>Les appr\u00eats sont constitu\u00e9s d&rsquo;un <strong>solvant<\/strong>, d&rsquo;un <strong>liant<\/strong> et d&rsquo;une <strong>charge<\/strong> dont les quantit\u00e9s \u00e9volueront de fa\u00e7on harmonieuse selon les couches pass\u00e9es sur le support, sachant qu&rsquo;une <strong>dizaine de couches d&rsquo;appr\u00eats<\/strong> sont n\u00e9cessaires pour offrir un <strong>support de qualit\u00e9 \u00e0 la feuille d&rsquo;or<\/strong>. <\/p>\n\n\n\n<p>La <strong>qualit\u00e9 du m\u00e9lange des appr\u00eats<\/strong>, sa temp\u00e9rature, le <strong>nombre de couches<\/strong> et la f<strong>a\u00e7on de passer ces diff\u00e9rentes couches<\/strong> successives ainsi que le <strong>respect du temps de s\u00e9chage <\/strong>entre chacune des couches jouent un r\u00f4le majeur dans la <strong>conservation de la dorure sur bois<\/strong>. Cette \u00e9tape est particuli\u00e8rement importante dans le cadre d&rsquo;une <a href=\"https:\/\/annemassedorure.com\/index.php\/ii-les-techniques\/\">dorure \u00e0 la d\u00e9trempe<\/a>, technique de dorure par excellence. Elle est en effet la plus ancienne, remontant \u00e0 l&rsquo;Antiquit\u00e9, et celle qui conf\u00e8re l&rsquo;\u00e9clat le plus brillant \u00e0 la feuille d&rsquo;or. <\/p>\n\n\n\n<h4 class=\"wp-block-heading\">Lorsque le doreur devient ornemaniste<\/h4>\n\n\n\n<p>Quant aux <strong>moulures<\/strong>, elles \u00e9taient originellement sculpt\u00e9es par l&rsquo;\u00e9b\u00e9niste, ensuite recouvertes d&rsquo;appr\u00eats par les appr\u00eateurs, en vue d&rsquo;\u00eatre dor\u00e9es ult\u00e9rieurement. Mais lorsque celles-ci viennent \u00e0 manquer suite \u00e0 un accident, une usure, &#8230;, le <strong>doreur \u00e0 la feuille ornemaniste<\/strong> doit \u00eatre en mesure de pouvoir recr\u00e9er \u00e0 l&rsquo;identique la moulure d&rsquo;origine. <\/p>\n\n\n\n<p>Le doreur devient <strong>ornemaniste<\/strong> car il est un v\u00e9ritable artiste qui reproduit ou recr\u00e9e \u00e0 l&rsquo;identique les <strong>ornements<\/strong> d&rsquo;origine qui embellissent les oeuvres dor\u00e9es.<\/p>\n\n\n\n<h4 class=\"wp-block-heading\">Lorsque le doreur devient repareur<\/h4>\n\n\n\n<p>Ces moulures une fois recr\u00e9\u00e9es sont \u00e0 leur tour recouvertes d&rsquo;appr\u00eats. <\/p>\n\n\n\n<p>A mesure que l&rsquo;on monte en couches d&rsquo;appr\u00eats, les moulures perdent leurs d\u00e9tails. Le doreur \u00e0 la feuille ornemaniste va alors <strong>sculpter<\/strong> la mati\u00e8re des appr\u00eats afin de <strong>redonner de la \u00ab\u00a0parure\u00a0\u00bb<\/strong> \u00e0 l&rsquo;oeuvre r\u00e9alis\u00e9e par l&rsquo;\u00e9b\u00e9niste. Le doreur ex\u00e9cute ce qu&rsquo;on appelle le travail de \u00ab\u00a0<strong>reparure<\/strong>\u00ab\u00a0, \u00e0 l&rsquo;aide de <strong>fers dits \u00ab\u00a0\u00e0 reparer\u00a0\u00bb<\/strong>. <\/p>\n\n\n\n<p>Ces <strong>fers <\/strong>sont de formes et de tailles diff\u00e9rentes selon l&rsquo;effet recherch\u00e9 et vont permettre au doreur de retrouver les <strong>d\u00e9tails des ornements<\/strong> tout en leur conf\u00e9rant davantage de finesse que n&rsquo;avait pu leur en donner le sculpteur. <\/p>\n\n\n\n<p>La <strong>reparure<\/strong> est un <strong>savoir-faire important<\/strong> dans le m\u00e9tier de doreur \u00e0 la feuille ornemaniste conf\u00e9rant ainsi un v\u00e9ritable raffinement aux oeuvres dor\u00e9es.<\/p>\n\n\n\n<div class=\"wp-block-columns is-layout-flex wp-container-core-columns-is-layout-28f84493 wp-block-columns-is-layout-flex\">\n<div class=\"wp-block-column is-layout-flow wp-block-column-is-layout-flow\">\n<figure class=\"wp-block-image aligncenter size-full\"><img decoding=\"async\" src=\"https:\/\/annemassedorure.com\/wp-content\/uploads\/2023\/06\/Reparure-2-1.jpg\" alt=\"\"\/><\/figure>\n<\/div>\n<\/div>\n","protected":false},"excerpt":{"rendered":"<p>Le m\u00e9tier Le m\u00e9tier de&nbsp;doreur \u00e0 la feuille ornemaniste&nbsp;est un m\u00e9tier tr\u00e8s vari\u00e9, demandant une certaine habilit\u00e9 technique et gestuelle. En effet, la&nbsp;dorure \u00e0 la feuille ornemaniste&nbsp;ne consiste pas en la seule application d\u2019une fine feuille de m\u00e9tal sur une surface. Bien au contraire, elle consiste en une multitude de savoir-faire tr\u00e8s diff\u00e9rents les uns [&hellip;]<\/p>\n","protected":false},"author":1,"featured_media":0,"parent":0,"menu_order":0,"comment_status":"closed","ping_status":"closed","template":"","meta":{"_coblocks_attr":"","_coblocks_dimensions":"","_coblocks_responsive_height":"","_coblocks_accordion_ie_support":"","_uag_custom_page_level_css":"","site-sidebar-layout":"default","site-content-layout":"","ast-site-content-layout":"default","site-content-style":"default","site-sidebar-style":"default","ast-global-header-display":"","ast-banner-title-visibility":"","ast-main-header-display":"","ast-hfb-above-header-display":"","ast-hfb-below-header-display":"","ast-hfb-mobile-header-display":"","site-post-title":"disabled","ast-breadcrumbs-content":"","ast-featured-img":"","footer-sml-layout":"","theme-transparent-header-meta":"","adv-header-id-meta":"","stick-header-meta":"","header-above-stick-meta":"","header-main-stick-meta":"","header-below-stick-meta":"","astra-migrate-meta-layouts":"set","ast-page-background-enabled":"default","ast-page-background-meta":{"desktop":{"background-color":"var(--ast-global-color-4)","background-image":"","background-repeat":"repeat","background-position":"center center","background-size":"auto","background-attachment":"scroll","background-type":"","background-media":"","overlay-type":"","overlay-color":"","overlay-opacity":"","overlay-gradient":""},"tablet":{"background-color":"","background-image":"","background-repeat":"repeat","background-position":"center center","background-size":"auto","background-attachment":"scroll","background-type":"","background-media":"","overlay-type":"","overlay-color":"","overlay-opacity":"","overlay-gradient":""},"mobile":{"background-color":"","background-image":"","background-repeat":"repeat","background-position":"center center","background-size":"auto","background-attachment":"scroll","background-type":"","background-media":"","overlay-type":"","overlay-color":"","overlay-opacity":"","overlay-gradient":""}},"ast-content-background-meta":{"desktop":{"background-color":"var(--ast-global-color-5)","background-image":"","background-repeat":"repeat","background-position":"center center","background-size":"auto","background-attachment":"scroll","background-type":"","background-media":"","overlay-type":"","overlay-color":"","overlay-opacity":"","overlay-gradient":""},"tablet":{"background-color":"var(--ast-global-color-5)","background-image":"","background-repeat":"repeat","background-position":"center center","background-size":"auto","background-attachment":"scroll","background-type":"","background-media":"","overlay-type":"","overlay-color":"","overlay-opacity":"","overlay-gradient":""},"mobile":{"background-color":"var(--ast-global-color-5)","background-image":"","background-repeat":"repeat","background-position":"center center","background-size":"auto","background-attachment":"scroll","background-type":"","background-media":"","overlay-type":"","overlay-color":"","overlay-opacity":"","overlay-gradient":""}},"_vp_format_video_url":"","_vp_image_focal_point":[],"footnotes":""},"class_list":["post-381","page","type-page","status-publish","hentry"],"yoast_head":"<!-- This site is optimized with the Yoast SEO plugin v26.2 - https:\/\/yoast.com\/wordpress\/plugins\/seo\/ -->\n<title>Le m\u00e9tier - Atelier Anne Masse Dorure<\/title>\n<meta name=\"robots\" content=\"index, follow, max-snippet:-1, max-image-preview:large, max-video-preview:-1\" \/>\n<link rel=\"canonical\" href=\"https:\/\/annemassedorure.com\/index.php\/ii-le-metier\/\" \/>\n<meta property=\"og:locale\" content=\"fr_FR\" \/>\n<meta property=\"og:type\" content=\"article\" \/>\n<meta property=\"og:title\" content=\"Le m\u00e9tier - Atelier Anne Masse Dorure\" \/>\n<meta property=\"og:description\" content=\"Le m\u00e9tier Le m\u00e9tier de&nbsp;doreur \u00e0 la feuille ornemaniste&nbsp;est un m\u00e9tier tr\u00e8s vari\u00e9, demandant une certaine habilit\u00e9 technique et gestuelle. En effet, la&nbsp;dorure \u00e0 la feuille ornemaniste&nbsp;ne consiste pas en la seule application d\u2019une fine feuille de m\u00e9tal sur une surface. Bien au contraire, elle consiste en une multitude de savoir-faire tr\u00e8s diff\u00e9rents les uns [&hellip;]\" \/>\n<meta property=\"og:url\" content=\"https:\/\/annemassedorure.com\/index.php\/ii-le-metier\/\" \/>\n<meta property=\"og:site_name\" content=\"Atelier Anne Masse Dorure\" \/>\n<meta property=\"article:modified_time\" content=\"2025-04-03T08:52:51+00:00\" \/>\n<meta property=\"og:image\" content=\"http:\/\/annemassedorure.com\/wp-content\/uploads\/2023\/06\/Anne-Masse-Dorure-apprentissage-pose-feuille-or.jpg\" \/>\n<meta name=\"twitter:card\" content=\"summary_large_image\" \/>\n<meta name=\"twitter:label1\" content=\"Dur\u00e9e de lecture estim\u00e9e\" \/>\n\t<meta name=\"twitter:data1\" content=\"6 minutes\" \/>\n<script type=\"application\/ld+json\" class=\"yoast-schema-graph\">{\"@context\":\"https:\/\/schema.org\",\"@graph\":[{\"@type\":\"WebPage\",\"@id\":\"https:\/\/annemassedorure.com\/index.php\/ii-le-metier\/\",\"url\":\"https:\/\/annemassedorure.com\/index.php\/ii-le-metier\/\",\"name\":\"Le m\u00e9tier - Atelier Anne Masse Dorure\",\"isPartOf\":{\"@id\":\"https:\/\/annemassedorure.com\/#website\"},\"primaryImageOfPage\":{\"@id\":\"https:\/\/annemassedorure.com\/index.php\/ii-le-metier\/#primaryimage\"},\"image\":{\"@id\":\"https:\/\/annemassedorure.com\/index.php\/ii-le-metier\/#primaryimage\"},\"thumbnailUrl\":\"http:\/\/annemassedorure.com\/wp-content\/uploads\/2023\/06\/Anne-Masse-Dorure-apprentissage-pose-feuille-or.jpg\",\"datePublished\":\"2023-06-19T13:22:09+00:00\",\"dateModified\":\"2025-04-03T08:52:51+00:00\",\"breadcrumb\":{\"@id\":\"https:\/\/annemassedorure.com\/index.php\/ii-le-metier\/#breadcrumb\"},\"inLanguage\":\"fr-FR\",\"potentialAction\":[{\"@type\":\"ReadAction\",\"target\":[\"https:\/\/annemassedorure.com\/index.php\/ii-le-metier\/\"]}]},{\"@type\":\"ImageObject\",\"inLanguage\":\"fr-FR\",\"@id\":\"https:\/\/annemassedorure.com\/index.php\/ii-le-metier\/#primaryimage\",\"url\":\"http:\/\/annemassedorure.com\/wp-content\/uploads\/2023\/06\/Anne-Masse-Dorure-apprentissage-pose-feuille-or.jpg\",\"contentUrl\":\"http:\/\/annemassedorure.com\/wp-content\/uploads\/2023\/06\/Anne-Masse-Dorure-apprentissage-pose-feuille-or.jpg\"},{\"@type\":\"BreadcrumbList\",\"@id\":\"https:\/\/annemassedorure.com\/index.php\/ii-le-metier\/#breadcrumb\",\"itemListElement\":[{\"@type\":\"ListItem\",\"position\":1,\"name\":\"Accueil\",\"item\":\"https:\/\/annemassedorure.com\/\"},{\"@type\":\"ListItem\",\"position\":2,\"name\":\"Le m\u00e9tier\"}]},{\"@type\":\"WebSite\",\"@id\":\"https:\/\/annemassedorure.com\/#website\",\"url\":\"https:\/\/annemassedorure.com\/\",\"name\":\"Atelier Anne Masse Dorure\",\"description\":\"L&#039;art de la dorure\",\"publisher\":{\"@id\":\"https:\/\/annemassedorure.com\/#organization\"},\"potentialAction\":[{\"@type\":\"SearchAction\",\"target\":{\"@type\":\"EntryPoint\",\"urlTemplate\":\"https:\/\/annemassedorure.com\/?s={search_term_string}\"},\"query-input\":{\"@type\":\"PropertyValueSpecification\",\"valueRequired\":true,\"valueName\":\"search_term_string\"}}],\"inLanguage\":\"fr-FR\"},{\"@type\":\"Organization\",\"@id\":\"https:\/\/annemassedorure.com\/#organization\",\"name\":\"Atelier Anne Masse Dorure\",\"url\":\"https:\/\/annemassedorure.com\/\",\"logo\":{\"@type\":\"ImageObject\",\"inLanguage\":\"fr-FR\",\"@id\":\"https:\/\/annemassedorure.com\/#\/schema\/logo\/image\/\",\"url\":\"https:\/\/annemassedorure.com\/wp-content\/uploads\/2023\/06\/cropped-cropped-Logo-Anne-Masse-Dorure-site-internet-1.jpg\",\"contentUrl\":\"https:\/\/annemassedorure.com\/wp-content\/uploads\/2023\/06\/cropped-cropped-Logo-Anne-Masse-Dorure-site-internet-1.jpg\",\"width\":819,\"height\":961,\"caption\":\"Atelier Anne Masse Dorure\"},\"image\":{\"@id\":\"https:\/\/annemassedorure.com\/#\/schema\/logo\/image\/\"}}]}<\/script>\n<!-- \/ Yoast SEO plugin. -->","yoast_head_json":{"title":"Le m\u00e9tier - Atelier Anne Masse Dorure","robots":{"index":"index","follow":"follow","max-snippet":"max-snippet:-1","max-image-preview":"max-image-preview:large","max-video-preview":"max-video-preview:-1"},"canonical":"https:\/\/annemassedorure.com\/index.php\/ii-le-metier\/","og_locale":"fr_FR","og_type":"article","og_title":"Le m\u00e9tier - Atelier Anne Masse Dorure","og_description":"Le m\u00e9tier Le m\u00e9tier de&nbsp;doreur \u00e0 la feuille ornemaniste&nbsp;est un m\u00e9tier tr\u00e8s vari\u00e9, demandant une certaine habilit\u00e9 technique et gestuelle. En effet, la&nbsp;dorure \u00e0 la feuille ornemaniste&nbsp;ne consiste pas en la seule application d\u2019une fine feuille de m\u00e9tal sur une surface. Bien au contraire, elle consiste en une multitude de savoir-faire tr\u00e8s diff\u00e9rents les uns [&hellip;]","og_url":"https:\/\/annemassedorure.com\/index.php\/ii-le-metier\/","og_site_name":"Atelier Anne Masse Dorure","article_modified_time":"2025-04-03T08:52:51+00:00","og_image":[{"url":"http:\/\/annemassedorure.com\/wp-content\/uploads\/2023\/06\/Anne-Masse-Dorure-apprentissage-pose-feuille-or.jpg","type":"","width":"","height":""}],"twitter_card":"summary_large_image","twitter_misc":{"Dur\u00e9e de lecture estim\u00e9e":"6 minutes"},"schema":{"@context":"https:\/\/schema.org","@graph":[{"@type":"WebPage","@id":"https:\/\/annemassedorure.com\/index.php\/ii-le-metier\/","url":"https:\/\/annemassedorure.com\/index.php\/ii-le-metier\/","name":"Le m\u00e9tier - Atelier Anne Masse Dorure","isPartOf":{"@id":"https:\/\/annemassedorure.com\/#website"},"primaryImageOfPage":{"@id":"https:\/\/annemassedorure.com\/index.php\/ii-le-metier\/#primaryimage"},"image":{"@id":"https:\/\/annemassedorure.com\/index.php\/ii-le-metier\/#primaryimage"},"thumbnailUrl":"http:\/\/annemassedorure.com\/wp-content\/uploads\/2023\/06\/Anne-Masse-Dorure-apprentissage-pose-feuille-or.jpg","datePublished":"2023-06-19T13:22:09+00:00","dateModified":"2025-04-03T08:52:51+00:00","breadcrumb":{"@id":"https:\/\/annemassedorure.com\/index.php\/ii-le-metier\/#breadcrumb"},"inLanguage":"fr-FR","potentialAction":[{"@type":"ReadAction","target":["https:\/\/annemassedorure.com\/index.php\/ii-le-metier\/"]}]},{"@type":"ImageObject","inLanguage":"fr-FR","@id":"https:\/\/annemassedorure.com\/index.php\/ii-le-metier\/#primaryimage","url":"http:\/\/annemassedorure.com\/wp-content\/uploads\/2023\/06\/Anne-Masse-Dorure-apprentissage-pose-feuille-or.jpg","contentUrl":"http:\/\/annemassedorure.com\/wp-content\/uploads\/2023\/06\/Anne-Masse-Dorure-apprentissage-pose-feuille-or.jpg"},{"@type":"BreadcrumbList","@id":"https:\/\/annemassedorure.com\/index.php\/ii-le-metier\/#breadcrumb","itemListElement":[{"@type":"ListItem","position":1,"name":"Accueil","item":"https:\/\/annemassedorure.com\/"},{"@type":"ListItem","position":2,"name":"Le m\u00e9tier"}]},{"@type":"WebSite","@id":"https:\/\/annemassedorure.com\/#website","url":"https:\/\/annemassedorure.com\/","name":"Atelier Anne Masse Dorure","description":"L&#039;art de la dorure","publisher":{"@id":"https:\/\/annemassedorure.com\/#organization"},"potentialAction":[{"@type":"SearchAction","target":{"@type":"EntryPoint","urlTemplate":"https:\/\/annemassedorure.com\/?s={search_term_string}"},"query-input":{"@type":"PropertyValueSpecification","valueRequired":true,"valueName":"search_term_string"}}],"inLanguage":"fr-FR"},{"@type":"Organization","@id":"https:\/\/annemassedorure.com\/#organization","name":"Atelier Anne Masse Dorure","url":"https:\/\/annemassedorure.com\/","logo":{"@type":"ImageObject","inLanguage":"fr-FR","@id":"https:\/\/annemassedorure.com\/#\/schema\/logo\/image\/","url":"https:\/\/annemassedorure.com\/wp-content\/uploads\/2023\/06\/cropped-cropped-Logo-Anne-Masse-Dorure-site-internet-1.jpg","contentUrl":"https:\/\/annemassedorure.com\/wp-content\/uploads\/2023\/06\/cropped-cropped-Logo-Anne-Masse-Dorure-site-internet-1.jpg","width":819,"height":961,"caption":"Atelier Anne Masse Dorure"},"image":{"@id":"https:\/\/annemassedorure.com\/#\/schema\/logo\/image\/"}}]}},"uagb_featured_image_src":{"full":false,"thumbnail":false,"medium":false,"medium_large":false,"large":false,"1536x1536":false,"2048x2048":false,"vp_sm":false,"vp_md":false,"vp_lg":false,"vp_xl":false,"vp_sm_popup":false,"vp_md_popup":false,"vp_xl_popup":false,"mailpoet_newsletter_max":false,"woocommerce_thumbnail":false,"woocommerce_single":false,"woocommerce_gallery_thumbnail":false},"uagb_author_info":{"display_name":"admin1271","author_link":"https:\/\/annemassedorure.com\/index.php\/author\/admin1271\/"},"uagb_comment_info":0,"uagb_excerpt":"Le m\u00e9tier Le m\u00e9tier de&nbsp;doreur \u00e0 la feuille ornemaniste&nbsp;est un m\u00e9tier tr\u00e8s vari\u00e9, demandant une certaine habilit\u00e9 technique et gestuelle. En effet, la&nbsp;dorure \u00e0 la feuille ornemaniste&nbsp;ne consiste pas en la seule application d\u2019une fine feuille de m\u00e9tal sur une surface. Bien au contraire, elle consiste en une multitude de savoir-faire tr\u00e8s diff\u00e9rents les uns\u2026","jetpack_sharing_enabled":true,"_links":{"self":[{"href":"https:\/\/annemassedorure.com\/index.php\/wp-json\/wp\/v2\/pages\/381","targetHints":{"allow":["GET"]}}],"collection":[{"href":"https:\/\/annemassedorure.com\/index.php\/wp-json\/wp\/v2\/pages"}],"about":[{"href":"https:\/\/annemassedorure.com\/index.php\/wp-json\/wp\/v2\/types\/page"}],"author":[{"embeddable":true,"href":"https:\/\/annemassedorure.com\/index.php\/wp-json\/wp\/v2\/users\/1"}],"replies":[{"embeddable":true,"href":"https:\/\/annemassedorure.com\/index.php\/wp-json\/wp\/v2\/comments?post=381"}],"version-history":[{"count":37,"href":"https:\/\/annemassedorure.com\/index.php\/wp-json\/wp\/v2\/pages\/381\/revisions"}],"predecessor-version":[{"id":1655,"href":"https:\/\/annemassedorure.com\/index.php\/wp-json\/wp\/v2\/pages\/381\/revisions\/1655"}],"wp:attachment":[{"href":"https:\/\/annemassedorure.com\/index.php\/wp-json\/wp\/v2\/media?parent=381"}],"curies":[{"name":"wp","href":"https:\/\/api.w.org\/{rel}","templated":true}]}}