{"id":333,"date":"2023-06-16T11:00:52","date_gmt":"2023-06-16T09:00:52","guid":{"rendered":"https:\/\/annemassedorure.com\/?page_id=333"},"modified":"2023-06-21T11:45:27","modified_gmt":"2023-06-21T09:45:27","slug":"savoir-faire","status":"publish","type":"page","link":"https:\/\/annemassedorure.com\/index.php\/savoir-faire\/","title":{"rendered":"Savoir-faire"},"content":{"rendered":"\n<p><strong>I. Le m\u00e9tier<\/strong><\/p>\n\n\n\n<p>Le m\u00e9tier de <strong>doreur \u00e0 la feuille ornemaniste<\/strong> est un m\u00e9tier tr\u00e8s vari\u00e9, demandant une certaine abilit\u00e9 technique et gestuelle.<\/p>\n\n\n\n<p>En effet, la <strong>dorure \u00e0 la feuille ornemaniste<\/strong> ne consiste pas en la seule application d&rsquo;une fine feuille de m\u00e9tal sur une surface. Bien au contraire, elle consiste en une multitude de savoirs-faire tr\u00e8s diff\u00e9rents les uns des autres. Nous vous les pr\u00e9senterons de fa\u00e7on sommaire afin de vous familiariser davantage avec ce m\u00e9tier encore peu connu.<\/p>\n\n\n\n<p>Autrefois, ceux-ci \u00e9taient distingu\u00e9s en corps de m\u00e9tier \u00e0 part enti\u00e8re dont notamment : <\/p>\n\n\n\n<ul class=\"wp-block-list\">\n<li>les appr\u00eateurs : charg\u00e9s de r\u00e9aliser les diff\u00e9rentes couches d&rsquo;<strong>appr\u00eats<\/strong>, couches dites tampons entre la surface de l&rsquo;objet \u00e0 dorer et la feuille de m\u00e9tal<\/li>\n<\/ul>\n\n\n\n<ul class=\"wp-block-list\">\n<li>les personnes charg\u00e9es de r\u00e9aliser des <strong>moulages<\/strong>, afin de cr\u00e9er les <strong>ornements<\/strong><\/li>\n<\/ul>\n\n\n\n<ul class=\"wp-block-list\">\n<li>les <strong>repareurs<\/strong> : charg\u00e9s de la <strong>reparure <\/strong>, c&rsquo;est \u00e0 dire redonner de la parure \u00e0 l&rsquo;objet en gravant le relief \u00e0 l&rsquo;aide de <strong>fers dits \u00e0 reparer<\/strong>, comme les d\u00e9tails des p\u00e9tales d&rsquo;une fleur, les courbes et contrecourbes qui viennent mettre en valeur les acanthes, rinceaux, &#8230; <\/li>\n<\/ul>\n\n\n\n<ul class=\"wp-block-list\">\n<li>les <strong>doreurs<\/strong>: soit ceux qui posent la feuille d&rsquo;or, d&rsquo;argent, de cuivre, &#8230; sur la surface \u00e0 dorer<\/li>\n<\/ul>\n\n\n\n<p>Aujourd&rsquo;hui, le doreur \u00e0 la feuille ornemaniste, tel que son nom l&rsquo;indique, est donc capable de r\u00e9aliser chacun de ces savoirs-faire, en accordant un soin tout particulier \u00e0 la pr\u00e9paration du support avant dorure afin de garantir beaut\u00e9 et perennit\u00e9 \u00e0 l&rsquo;oeuvre dor\u00e9e.<\/p>\n\n\n\n<p>En effet, la dorure elle-m\u00eame, ne repr\u00e9sente qu&rsquo;une toute petite partie du m\u00e9tier; elle est la \u00ab\u00a0cerise sur le g\u00e2teau\u00a0\u00bb.<\/p>\n\n\n\n<p>II. <strong>Techniques<\/strong><\/p>\n\n\n\n<p>Il existe diff\u00e9rentes techniques de dorure comme la dorure \u00e0 l&rsquo;oeuf, &#8230; mais les <strong>deux techniques principalement utilis\u00e9es<\/strong> en dorure sont les suivantes:<\/p>\n\n\n\n<ol class=\"wp-block-list\">\n<li><strong>La d\u00e9trempe<\/strong><\/li>\n<\/ol>\n\n\n\n<p>La <strong>technique de la d\u00e9trempe<\/strong> est celle qui donne le r\u00e9sultat le plus exceptionnel car elle permet de r\u00e9aliser de tr\u00e8s jolis contrastes de reflets de lumi\u00e8re en r\u00e9alisant des zones dites \u00ab\u00a0brunies\u00a0\u00bb et des zones \u00ab\u00a0mates\u00a0\u00bb. Ce sont ces jeux de reflets qui mettent en valeur les moulures et ornements du mobilier (consoles, fauteuils, miroirs, porte-torch\u00e8res, &#8230;), des cadres et barom\u00e8tres anciens, des lambris en bois dor\u00e9, &#8230; et qui permettent la lecture des d\u00e9tails qui font le charme des bois dor\u00e9s anciens notamment. En l&rsquo;absence de ce jeu de contraste, la dorure serait de couleur uniforme, ce qui aplatirait les reliefs des ornements.<\/p>\n\n\n\n<div class=\"wp-block-media-text is-stacked-on-mobile is-vertically-aligned-bottom is-image-fill is-style-overlap has-ast-global-color-2-color has-text-color has-background\" style=\"background-color:#d8e4f6;font-style:normal;font-weight:300;grid-template-columns:30% auto\"><figure class=\"wp-block-media-text__media\" style=\"background-image:url(https:\/\/annemassedorure.com\/wp-content\/uploads\/2023\/06\/Anne-Masse-Dorure-petit-cadre-ovale-grave-1.jpg);background-position:35% 81%\"><img fetchpriority=\"high\" decoding=\"async\" width=\"768\" height=\"1024\" src=\"https:\/\/annemassedorure.com\/wp-content\/uploads\/2023\/06\/Anne-Masse-Dorure-petit-cadre-ovale-grave-1.jpg\" alt=\"Anne Masse Dorure - petit cadre ovale en bois dor\u00e9 et grav\u00e9 d'une guirlande florale - d\u00e9tail apr\u00e8s restauration\" class=\"wp-image-152 size-full\" srcset=\"https:\/\/annemassedorure.com\/wp-content\/uploads\/2023\/06\/Anne-Masse-Dorure-petit-cadre-ovale-grave-1.jpg 768w, https:\/\/annemassedorure.com\/wp-content\/uploads\/2023\/06\/Anne-Masse-Dorure-petit-cadre-ovale-grave-1-600x800.jpg 600w, https:\/\/annemassedorure.com\/wp-content\/uploads\/2023\/06\/Anne-Masse-Dorure-petit-cadre-ovale-grave-1-225x300.jpg 225w\" sizes=\"(max-width: 768px) 100vw, 768px\" \/><\/figure><div class=\"wp-block-media-text__content\">\n<p class=\"has-text-align-center is-style-default\" style=\"font-size:14px\">D\u00e9tail d&rsquo;une guirlande florale brunie sur fond mat<\/p>\n<\/div><\/div>\n\n\n\n<p><\/p>\n\n\n\n<p class=\"is-style-default\">Elle est aussi : <\/p>\n\n\n\n<ul class=\"wp-block-list\">\n<li>la plus complexe<\/li>\n\n\n\n<li>la plus longue \u00e0 r\u00e9aliser. <\/li>\n<\/ul>\n\n\n\n<p>Cette technique s&rsquo;effectue \u00e0 l&rsquo;eau et n\u00e9cessite un grand nombre d&rsquo;\u00e9tapes avant la pose de la feuille m\u00e9tallique.<\/p>\n\n\n\n<p>En voici un aper\u00e7u:<\/p>\n\n\n\n<ul class=\"wp-block-list\">\n<li> 1. D\u00e9graissage des surfaces <\/li>\n<\/ul>\n\n\n\n<ul class=\"wp-block-list\">\n<li>2. Encollage<\/li>\n<\/ul>\n\n\n\n<ul class=\"wp-block-list\">\n<li>3. Surmoulage et moulage<\/li>\n<\/ul>\n\n\n\n<ul class=\"wp-block-list\">\n<li>4. Appr\u00eatage : X couches d&rsquo;appr\u00eats minimum<\/li>\n<\/ul>\n\n\n\n<div class=\"wp-block-media-text is-stacked-on-mobile is-vertically-aligned-center has-background\" style=\"background-color:#d8e4f6;grid-template-columns:30% auto\"><figure class=\"wp-block-media-text__media\"><img decoding=\"async\" width=\"1024\" height=\"1007\" src=\"https:\/\/annemassedorure.com\/wp-content\/uploads\/2023\/06\/Cadre-gorge-et-plate-bande-8.jpg\" alt=\"Anne Masse Dorure - Cadre \u00e0 gorge, plate-bande, perles et rais de coeur - nouveaux appr\u00eats sur la zone \u00e0 redorer\" class=\"wp-image-319 size-full\" srcset=\"https:\/\/annemassedorure.com\/wp-content\/uploads\/2023\/06\/Cadre-gorge-et-plate-bande-8.jpg 1024w, https:\/\/annemassedorure.com\/wp-content\/uploads\/2023\/06\/Cadre-gorge-et-plate-bande-8-600x590.jpg 600w, https:\/\/annemassedorure.com\/wp-content\/uploads\/2023\/06\/Cadre-gorge-et-plate-bande-8-300x295.jpg 300w, https:\/\/annemassedorure.com\/wp-content\/uploads\/2023\/06\/Cadre-gorge-et-plate-bande-8-768x755.jpg 768w, https:\/\/annemassedorure.com\/wp-content\/uploads\/2023\/06\/Cadre-gorge-et-plate-bande-8-500x492.jpg 500w, https:\/\/annemassedorure.com\/wp-content\/uploads\/2023\/06\/Cadre-gorge-et-plate-bande-8-800x787.jpg 800w\" sizes=\"(max-width: 1024px) 100vw, 1024px\" \/><\/figure><div class=\"wp-block-media-text__content\">\n<p class=\"has-black-color has-text-color has-background\" style=\"background-color:#d8e4f6;font-size:14px;font-style:normal;font-weight:300\">R\u00e9alisation de nouveaux appr\u00eats sur la zone \u00e0 redorer d&rsquo;un cadre en bois dor\u00e9 ancien<\/p>\n<\/div><\/div>\n\n\n\n<ul class=\"wp-block-list\">\n<li>5. Lissage<\/li>\n<\/ul>\n\n\n\n<ul class=\"wp-block-list\">\n<li>6. Adoucissage<\/li>\n<\/ul>\n\n\n\n<ul class=\"wp-block-list\">\n<li>7. Reparure<\/li>\n<\/ul>\n\n\n\n<ul class=\"wp-block-list\">\n<li>8. Jaunissage <\/li>\n<\/ul>\n\n\n\n<ul class=\"wp-block-list\">\n<li>9. Assiettage<\/li>\n<\/ul>\n\n\n\n<ul class=\"wp-block-list\">\n<li>10. Chiennage<\/li>\n<\/ul>\n\n\n\n<ul class=\"wp-block-list\">\n<li>11. Pose de la feuille d&rsquo;or, d&rsquo;argent, &#8230; \u00e0 l&rsquo;eau<\/li>\n<\/ul>\n\n\n\n<ul class=\"wp-block-list\">\n<li>12. Brunissage<\/li>\n<\/ul>\n\n\n\n<ul class=\"wp-block-list\">\n<li>13. Matage<\/li>\n<\/ul>\n\n\n\n<ul class=\"wp-block-list\">\n<li>14. Harmonisation et\/ou protection: patine appliqu\u00e9e sur la dorure nouvelle afin de l&rsquo;harmoniser avec la couleur de la dorure d&rsquo;origine et\/ou vernis ou cire protectrice<\/li>\n<\/ul>\n\n\n\n<p><strong>2. La mixtion<\/strong><\/p>\n\n\n\n<p>Il existe \u00e9galement <strong>diff\u00e9rents types de mixtion (eau, huile)<\/strong> avec des temps de s\u00e9chage diff\u00e9rents.<\/p>\n\n\n\n<p>A la diff\u00e9rence de la d\u00e9trempe, cette technique s&#8217;emploie avec un produit collant que l&rsquo;on appelle mixtion. C&rsquo;est elle qui va faire adh\u00e9rer la feuille m\u00e9tallique \u00e0 son support. <\/p>\n\n\n\n<p>Cette technique semble plus rapide et plus simple \u00e0 r\u00e9aliser, et pourrait s\u00e9duire de nombreux amateurs de dorure mais la difficult\u00e9 principale de cette technique est de savoir exactement \u00e0 quel moment la mixtion est pr\u00eate \u00e0 recevoir la feuille d&rsquo;or, de la quantifier et de l&rsquo;\u00e9taler correctement. En cas de surdosage, la mixtion viendra tacher la feuille d&rsquo;or ou l&#8217;emp\u00eacher de se tendre correctement. A l&rsquo;inverse, en quantit\u00e9 insuffisante, la feuille d&rsquo;or n&rsquo;adh\u00e8rera pas correctement au support. Un temps de s\u00e9chage non respect\u00e9 fera \u00e9galement d\u00e9faut \u00e0 la dorure. <\/p>\n\n\n\n<p>Le choix de la mixtion (nature et temps de s\u00e9chage) s&rsquo;effectue au regard de la nature, de la fragilit\u00e9 des oeuvres \u00e0 dorer. <\/p>\n\n\n\n<p>Cette technique donne \u00e9galement de tr\u00e8s beaux r\u00e9sultats, lorsqu&rsquo;elle est appliqu\u00e9e dans les r\u00e8gles de l&rsquo;art mais elle ne pourra jamais \u00e9galer l&rsquo;\u00e9clat d&rsquo;un \u00ab\u00a0bruni\u00a0\u00bb r\u00e9alis\u00e9 \u00e0 la d\u00e9trempe. Les doreurs connaissent des techniques compl\u00e9mentaires pour obtenir des variations d&rsquo;\u00e9clat dans la dorure \u00e0 la mixtion mais elles refl\u00e8teront quand m\u00eame moins la lumi\u00e8re que les brunis obtenus gr\u00e2ce \u00e0 la technique de la d\u00e9trempe (cfr photo ci-dessous).<\/p>\n\n\n\n<div class=\"wp-block-media-text is-stacked-on-mobile has-background\" style=\"background-color:#d8e4f6;grid-template-columns:31% auto\"><figure class=\"wp-block-media-text__media\"><img decoding=\"async\" width=\"768\" height=\"1024\" src=\"https:\/\/annemassedorure.com\/wp-content\/uploads\/2023\/06\/Anne-Masse-Dorure-Cadre-art-deco-2.jpg\" alt=\"\" class=\"wp-image-489 size-full\" srcset=\"https:\/\/annemassedorure.com\/wp-content\/uploads\/2023\/06\/Anne-Masse-Dorure-Cadre-art-deco-2.jpg 768w, https:\/\/annemassedorure.com\/wp-content\/uploads\/2023\/06\/Anne-Masse-Dorure-Cadre-art-deco-2-600x800.jpg 600w, https:\/\/annemassedorure.com\/wp-content\/uploads\/2023\/06\/Anne-Masse-Dorure-Cadre-art-deco-2-225x300.jpg 225w, https:\/\/annemassedorure.com\/wp-content\/uploads\/2023\/06\/Anne-Masse-Dorure-Cadre-art-deco-2-500x667.jpg 500w\" sizes=\"(max-width: 768px) 100vw, 768px\" \/><\/figure><div class=\"wp-block-media-text__content\">\n<p style=\"font-style:normal;font-weight:300\"><strong>Cadre Art D\u00e9co dor\u00e9 \u00e0 la feuille d&rsquo;or blanc<\/strong><\/p>\n\n\n\n<p style=\"font-style:normal;font-weight:300\">Les deux techniques de dorure \u00e0 la d\u00e9trempe et de dorure \u00e0 la mixtion ont \u00e9t\u00e9 employ\u00e9es lors de la restauration de ce cadre, ce qui permet de mettre en valeur les reliefs par un joli contraste d&rsquo;\u00e9clat entre les brunis des zones lisses, obtenus gr\u00e2ce \u00e0 la d\u00e9trempe, et les moulures florales dor\u00e9es \u00e0 la mixtion. <\/p>\n<\/div><\/div>\n","protected":false},"excerpt":{"rendered":"<p>I. Le m\u00e9tier Le m\u00e9tier de doreur \u00e0 la feuille ornemaniste est un m\u00e9tier tr\u00e8s vari\u00e9, demandant une certaine abilit\u00e9 technique et gestuelle. En effet, la dorure \u00e0 la feuille ornemaniste ne consiste pas en la seule application d&rsquo;une fine feuille de m\u00e9tal sur une surface. Bien au contraire, elle consiste en une multitude de [&hellip;]<\/p>\n","protected":false},"author":1,"featured_media":0,"parent":0,"menu_order":0,"comment_status":"closed","ping_status":"closed","template":"","meta":{"_coblocks_attr":"","_coblocks_dimensions":"","_coblocks_responsive_height":"","_coblocks_accordion_ie_support":"","_uag_custom_page_level_css":"","site-sidebar-layout":"default","site-content-layout":"","ast-site-content-layout":"default","site-content-style":"default","site-sidebar-style":"default","ast-global-header-display":"","ast-banner-title-visibility":"","ast-main-header-display":"","ast-hfb-above-header-display":"","ast-hfb-below-header-display":"","ast-hfb-mobile-header-display":"","site-post-title":"","ast-breadcrumbs-content":"","ast-featured-img":"","footer-sml-layout":"","theme-transparent-header-meta":"","adv-header-id-meta":"","stick-header-meta":"","header-above-stick-meta":"","header-main-stick-meta":"","header-below-stick-meta":"","astra-migrate-meta-layouts":"default","ast-page-background-enabled":"default","ast-page-background-meta":{"desktop":{"background-color":"var(--ast-global-color-4)","background-image":"","background-repeat":"repeat","background-position":"center center","background-size":"auto","background-attachment":"scroll","background-type":"","background-media":"","overlay-type":"","overlay-color":"","overlay-opacity":"","overlay-gradient":""},"tablet":{"background-color":"","background-image":"","background-repeat":"repeat","background-position":"center center","background-size":"auto","background-attachment":"scroll","background-type":"","background-media":"","overlay-type":"","overlay-color":"","overlay-opacity":"","overlay-gradient":""},"mobile":{"background-color":"","background-image":"","background-repeat":"repeat","background-position":"center center","background-size":"auto","background-attachment":"scroll","background-type":"","background-media":"","overlay-type":"","overlay-color":"","overlay-opacity":"","overlay-gradient":""}},"ast-content-background-meta":{"desktop":{"background-color":"var(--ast-global-color-5)","background-image":"","background-repeat":"repeat","background-position":"center center","background-size":"auto","background-attachment":"scroll","background-type":"","background-media":"","overlay-type":"","overlay-color":"","overlay-opacity":"","overlay-gradient":""},"tablet":{"background-color":"var(--ast-global-color-5)","background-image":"","background-repeat":"repeat","background-position":"center center","background-size":"auto","background-attachment":"scroll","background-type":"","background-media":"","overlay-type":"","overlay-color":"","overlay-opacity":"","overlay-gradient":""},"mobile":{"background-color":"var(--ast-global-color-5)","background-image":"","background-repeat":"repeat","background-position":"center center","background-size":"auto","background-attachment":"scroll","background-type":"","background-media":"","overlay-type":"","overlay-color":"","overlay-opacity":"","overlay-gradient":""}},"_vp_format_video_url":"","_vp_image_focal_point":[],"footnotes":""},"class_list":["post-333","page","type-page","status-publish","hentry"],"yoast_head":"<!-- This site is optimized with the Yoast SEO plugin v26.2 - https:\/\/yoast.com\/wordpress\/plugins\/seo\/ -->\n<title>Savoir-faire - Atelier Anne Masse Dorure<\/title>\n<meta name=\"robots\" content=\"index, follow, max-snippet:-1, max-image-preview:large, max-video-preview:-1\" \/>\n<link rel=\"canonical\" href=\"https:\/\/annemassedorure.com\/index.php\/savoir-faire\/\" \/>\n<meta property=\"og:locale\" content=\"fr_FR\" \/>\n<meta property=\"og:type\" content=\"article\" \/>\n<meta property=\"og:title\" content=\"Savoir-faire - Atelier Anne Masse Dorure\" \/>\n<meta property=\"og:description\" content=\"I. Le m\u00e9tier Le m\u00e9tier de doreur \u00e0 la feuille ornemaniste est un m\u00e9tier tr\u00e8s vari\u00e9, demandant une certaine abilit\u00e9 technique et gestuelle. En effet, la dorure \u00e0 la feuille ornemaniste ne consiste pas en la seule application d&rsquo;une fine feuille de m\u00e9tal sur une surface. Bien au contraire, elle consiste en une multitude de [&hellip;]\" \/>\n<meta property=\"og:url\" content=\"https:\/\/annemassedorure.com\/index.php\/savoir-faire\/\" \/>\n<meta property=\"og:site_name\" content=\"Atelier Anne Masse Dorure\" \/>\n<meta property=\"article:modified_time\" content=\"2023-06-21T09:45:27+00:00\" \/>\n<meta property=\"og:image\" content=\"http:\/\/annemassedorure.com\/wp-content\/uploads\/2023\/06\/Anne-Masse-Dorure-petit-cadre-ovale-grave-1.jpg\" \/>\n<meta name=\"twitter:card\" content=\"summary_large_image\" \/>\n<meta name=\"twitter:label1\" content=\"Dur\u00e9e de lecture estim\u00e9e\" \/>\n\t<meta name=\"twitter:data1\" content=\"5 minutes\" \/>\n<script type=\"application\/ld+json\" class=\"yoast-schema-graph\">{\"@context\":\"https:\/\/schema.org\",\"@graph\":[{\"@type\":\"WebPage\",\"@id\":\"https:\/\/annemassedorure.com\/index.php\/savoir-faire\/\",\"url\":\"https:\/\/annemassedorure.com\/index.php\/savoir-faire\/\",\"name\":\"Savoir-faire - Atelier Anne Masse Dorure\",\"isPartOf\":{\"@id\":\"https:\/\/annemassedorure.com\/#website\"},\"primaryImageOfPage\":{\"@id\":\"https:\/\/annemassedorure.com\/index.php\/savoir-faire\/#primaryimage\"},\"image\":{\"@id\":\"https:\/\/annemassedorure.com\/index.php\/savoir-faire\/#primaryimage\"},\"thumbnailUrl\":\"http:\/\/annemassedorure.com\/wp-content\/uploads\/2023\/06\/Anne-Masse-Dorure-petit-cadre-ovale-grave-1.jpg\",\"datePublished\":\"2023-06-16T09:00:52+00:00\",\"dateModified\":\"2023-06-21T09:45:27+00:00\",\"breadcrumb\":{\"@id\":\"https:\/\/annemassedorure.com\/index.php\/savoir-faire\/#breadcrumb\"},\"inLanguage\":\"fr-FR\",\"potentialAction\":[{\"@type\":\"ReadAction\",\"target\":[\"https:\/\/annemassedorure.com\/index.php\/savoir-faire\/\"]}]},{\"@type\":\"ImageObject\",\"inLanguage\":\"fr-FR\",\"@id\":\"https:\/\/annemassedorure.com\/index.php\/savoir-faire\/#primaryimage\",\"url\":\"http:\/\/annemassedorure.com\/wp-content\/uploads\/2023\/06\/Anne-Masse-Dorure-petit-cadre-ovale-grave-1.jpg\",\"contentUrl\":\"http:\/\/annemassedorure.com\/wp-content\/uploads\/2023\/06\/Anne-Masse-Dorure-petit-cadre-ovale-grave-1.jpg\"},{\"@type\":\"BreadcrumbList\",\"@id\":\"https:\/\/annemassedorure.com\/index.php\/savoir-faire\/#breadcrumb\",\"itemListElement\":[{\"@type\":\"ListItem\",\"position\":1,\"name\":\"Accueil\",\"item\":\"https:\/\/annemassedorure.com\/\"},{\"@type\":\"ListItem\",\"position\":2,\"name\":\"Savoir-faire\"}]},{\"@type\":\"WebSite\",\"@id\":\"https:\/\/annemassedorure.com\/#website\",\"url\":\"https:\/\/annemassedorure.com\/\",\"name\":\"Atelier Anne Masse Dorure\",\"description\":\"L&#039;art de la dorure\",\"publisher\":{\"@id\":\"https:\/\/annemassedorure.com\/#organization\"},\"potentialAction\":[{\"@type\":\"SearchAction\",\"target\":{\"@type\":\"EntryPoint\",\"urlTemplate\":\"https:\/\/annemassedorure.com\/?s={search_term_string}\"},\"query-input\":{\"@type\":\"PropertyValueSpecification\",\"valueRequired\":true,\"valueName\":\"search_term_string\"}}],\"inLanguage\":\"fr-FR\"},{\"@type\":\"Organization\",\"@id\":\"https:\/\/annemassedorure.com\/#organization\",\"name\":\"Atelier Anne Masse Dorure\",\"url\":\"https:\/\/annemassedorure.com\/\",\"logo\":{\"@type\":\"ImageObject\",\"inLanguage\":\"fr-FR\",\"@id\":\"https:\/\/annemassedorure.com\/#\/schema\/logo\/image\/\",\"url\":\"https:\/\/annemassedorure.com\/wp-content\/uploads\/2023\/06\/cropped-cropped-Logo-Anne-Masse-Dorure-site-internet-1.jpg\",\"contentUrl\":\"https:\/\/annemassedorure.com\/wp-content\/uploads\/2023\/06\/cropped-cropped-Logo-Anne-Masse-Dorure-site-internet-1.jpg\",\"width\":819,\"height\":961,\"caption\":\"Atelier Anne Masse Dorure\"},\"image\":{\"@id\":\"https:\/\/annemassedorure.com\/#\/schema\/logo\/image\/\"}}]}<\/script>\n<!-- \/ Yoast SEO plugin. -->","yoast_head_json":{"title":"Savoir-faire - Atelier Anne Masse Dorure","robots":{"index":"index","follow":"follow","max-snippet":"max-snippet:-1","max-image-preview":"max-image-preview:large","max-video-preview":"max-video-preview:-1"},"canonical":"https:\/\/annemassedorure.com\/index.php\/savoir-faire\/","og_locale":"fr_FR","og_type":"article","og_title":"Savoir-faire - Atelier Anne Masse Dorure","og_description":"I. Le m\u00e9tier Le m\u00e9tier de doreur \u00e0 la feuille ornemaniste est un m\u00e9tier tr\u00e8s vari\u00e9, demandant une certaine abilit\u00e9 technique et gestuelle. En effet, la dorure \u00e0 la feuille ornemaniste ne consiste pas en la seule application d&rsquo;une fine feuille de m\u00e9tal sur une surface. Bien au contraire, elle consiste en une multitude de [&hellip;]","og_url":"https:\/\/annemassedorure.com\/index.php\/savoir-faire\/","og_site_name":"Atelier Anne Masse Dorure","article_modified_time":"2023-06-21T09:45:27+00:00","og_image":[{"url":"http:\/\/annemassedorure.com\/wp-content\/uploads\/2023\/06\/Anne-Masse-Dorure-petit-cadre-ovale-grave-1.jpg","type":"","width":"","height":""}],"twitter_card":"summary_large_image","twitter_misc":{"Dur\u00e9e de lecture estim\u00e9e":"5 minutes"},"schema":{"@context":"https:\/\/schema.org","@graph":[{"@type":"WebPage","@id":"https:\/\/annemassedorure.com\/index.php\/savoir-faire\/","url":"https:\/\/annemassedorure.com\/index.php\/savoir-faire\/","name":"Savoir-faire - Atelier Anne Masse Dorure","isPartOf":{"@id":"https:\/\/annemassedorure.com\/#website"},"primaryImageOfPage":{"@id":"https:\/\/annemassedorure.com\/index.php\/savoir-faire\/#primaryimage"},"image":{"@id":"https:\/\/annemassedorure.com\/index.php\/savoir-faire\/#primaryimage"},"thumbnailUrl":"http:\/\/annemassedorure.com\/wp-content\/uploads\/2023\/06\/Anne-Masse-Dorure-petit-cadre-ovale-grave-1.jpg","datePublished":"2023-06-16T09:00:52+00:00","dateModified":"2023-06-21T09:45:27+00:00","breadcrumb":{"@id":"https:\/\/annemassedorure.com\/index.php\/savoir-faire\/#breadcrumb"},"inLanguage":"fr-FR","potentialAction":[{"@type":"ReadAction","target":["https:\/\/annemassedorure.com\/index.php\/savoir-faire\/"]}]},{"@type":"ImageObject","inLanguage":"fr-FR","@id":"https:\/\/annemassedorure.com\/index.php\/savoir-faire\/#primaryimage","url":"http:\/\/annemassedorure.com\/wp-content\/uploads\/2023\/06\/Anne-Masse-Dorure-petit-cadre-ovale-grave-1.jpg","contentUrl":"http:\/\/annemassedorure.com\/wp-content\/uploads\/2023\/06\/Anne-Masse-Dorure-petit-cadre-ovale-grave-1.jpg"},{"@type":"BreadcrumbList","@id":"https:\/\/annemassedorure.com\/index.php\/savoir-faire\/#breadcrumb","itemListElement":[{"@type":"ListItem","position":1,"name":"Accueil","item":"https:\/\/annemassedorure.com\/"},{"@type":"ListItem","position":2,"name":"Savoir-faire"}]},{"@type":"WebSite","@id":"https:\/\/annemassedorure.com\/#website","url":"https:\/\/annemassedorure.com\/","name":"Atelier Anne Masse Dorure","description":"L&#039;art de la dorure","publisher":{"@id":"https:\/\/annemassedorure.com\/#organization"},"potentialAction":[{"@type":"SearchAction","target":{"@type":"EntryPoint","urlTemplate":"https:\/\/annemassedorure.com\/?s={search_term_string}"},"query-input":{"@type":"PropertyValueSpecification","valueRequired":true,"valueName":"search_term_string"}}],"inLanguage":"fr-FR"},{"@type":"Organization","@id":"https:\/\/annemassedorure.com\/#organization","name":"Atelier Anne Masse Dorure","url":"https:\/\/annemassedorure.com\/","logo":{"@type":"ImageObject","inLanguage":"fr-FR","@id":"https:\/\/annemassedorure.com\/#\/schema\/logo\/image\/","url":"https:\/\/annemassedorure.com\/wp-content\/uploads\/2023\/06\/cropped-cropped-Logo-Anne-Masse-Dorure-site-internet-1.jpg","contentUrl":"https:\/\/annemassedorure.com\/wp-content\/uploads\/2023\/06\/cropped-cropped-Logo-Anne-Masse-Dorure-site-internet-1.jpg","width":819,"height":961,"caption":"Atelier Anne Masse Dorure"},"image":{"@id":"https:\/\/annemassedorure.com\/#\/schema\/logo\/image\/"}}]}},"uagb_featured_image_src":{"full":false,"thumbnail":false,"medium":false,"medium_large":false,"large":false,"1536x1536":false,"2048x2048":false,"vp_sm":false,"vp_md":false,"vp_lg":false,"vp_xl":false,"vp_sm_popup":false,"vp_md_popup":false,"vp_xl_popup":false,"mailpoet_newsletter_max":false,"woocommerce_thumbnail":false,"woocommerce_single":false,"woocommerce_gallery_thumbnail":false},"uagb_author_info":{"display_name":"admin1271","author_link":"https:\/\/annemassedorure.com\/index.php\/author\/admin1271\/"},"uagb_comment_info":0,"uagb_excerpt":"I. Le m\u00e9tier Le m\u00e9tier de doreur \u00e0 la feuille ornemaniste est un m\u00e9tier tr\u00e8s vari\u00e9, demandant une certaine abilit\u00e9 technique et gestuelle. En effet, la dorure \u00e0 la feuille ornemaniste ne consiste pas en la seule application d&rsquo;une fine feuille de m\u00e9tal sur une surface. Bien au contraire, elle consiste en une multitude de\u2026","jetpack_sharing_enabled":true,"_links":{"self":[{"href":"https:\/\/annemassedorure.com\/index.php\/wp-json\/wp\/v2\/pages\/333","targetHints":{"allow":["GET"]}}],"collection":[{"href":"https:\/\/annemassedorure.com\/index.php\/wp-json\/wp\/v2\/pages"}],"about":[{"href":"https:\/\/annemassedorure.com\/index.php\/wp-json\/wp\/v2\/types\/page"}],"author":[{"embeddable":true,"href":"https:\/\/annemassedorure.com\/index.php\/wp-json\/wp\/v2\/users\/1"}],"replies":[{"embeddable":true,"href":"https:\/\/annemassedorure.com\/index.php\/wp-json\/wp\/v2\/comments?post=333"}],"version-history":[{"count":14,"href":"https:\/\/annemassedorure.com\/index.php\/wp-json\/wp\/v2\/pages\/333\/revisions"}],"predecessor-version":[{"id":534,"href":"https:\/\/annemassedorure.com\/index.php\/wp-json\/wp\/v2\/pages\/333\/revisions\/534"}],"wp:attachment":[{"href":"https:\/\/annemassedorure.com\/index.php\/wp-json\/wp\/v2\/media?parent=333"}],"curies":[{"name":"wp","href":"https:\/\/api.w.org\/{rel}","templated":true}]}}